{"id":20365,"date":"2024-03-19T10:19:07","date_gmt":"2024-03-19T09:19:07","guid":{"rendered":"https:\/\/letelec.ma\/?post_type=product&#038;p=20365"},"modified":"2024-04-19T11:58:13","modified_gmt":"2024-04-19T10:58:13","slug":"cable-souple-u500-sv1v-h05vv-f","status":"publish","type":"product","link":"https:\/\/letelec.ma\/boutique\/cable-souple-u500-sv1v-h05vv-f\/","title":{"rendered":"CABLE SOUPLE MULTI-CONDUCTEURS U500 SV1V (H05VV-F)"},"content":{"rendered":"<p>C\u00e2ble souple U500 SV1V (H05VV-F)<\/p>\n<ul>\n<li><b>Marque<\/b> : NEXANS OU INGELEC<\/li>\n<li><strong>Type<\/strong>\u00a0: Souple U500 SV1V (H05VV-F)<\/li>\n<li><strong>Couleur<\/strong>\u00a0: Gris<\/li>\n<li><strong>Tension de service nominale Uo\/U<\/strong>\u00a0: 300 \/ 500 V<\/li>\n<\/ul>\n","protected":false},"excerpt":{"rendered":"<p>Les c\u00e2bles U500 SV1V (H05VV-F) sont pr\u00e9vus pour l&rsquo;alimentation d&rsquo;appareils \u00e9lectro-domestiques divers, mobiles ou semi-mobiles. Leur utilisation pour l&rsquo;alimentation des appareils de chauffage et cuisson n&rsquo;est possible que si les c\u00e2bles ne sont pas soumis aux rayonnements, ou en contact avec des parties chaudes.<\/p>\n","protected":false},"featured_media":20366,"comment_status":"open","ping_status":"closed","template":"","meta":[],"product_brand":[],"product_cat":[404,385],"product_tag":[],"class_list":{"0":"post-20365","1":"product","2":"type-product","3":"status-publish","4":"has-post-thumbnail","6":"product_cat-tous-les-produits","7":"product_cat-cables","9":"first","10":"instock","11":"shipping-taxable","12":"purchasable","13":"product-type-variable"},"yoast_head":"<!-- This site is optimized with the Yoast SEO plugin v26.8 - https:\/\/yoast.com\/product\/yoast-seo-wordpress\/ -->\n<title>CABLE SOUPLE MULTI-CONDUCTEURS U500 SV1V (H05VV-F) - LETELEC<\/title>\n<meta name=\"robots\" content=\"index, follow, max-snippet:-1, max-image-preview:large, max-video-preview:-1\" \/>\n<link rel=\"canonical\" href=\"https:\/\/letelec.ma\/boutique\/cable-souple-u500-sv1v-h05vv-f\/\" \/>\n<meta property=\"og:locale\" content=\"fr_FR\" \/>\n<meta property=\"og:type\" content=\"article\" \/>\n<meta property=\"og:title\" content=\"CABLE SOUPLE MULTI-CONDUCTEURS U500 SV1V (H05VV-F) - LETELEC\" \/>\n<meta property=\"og:description\" content=\"Les c\u00e2bles U500 SV1V (H05VV-F) sont pr\u00e9vus pour l&#039;alimentation d&#039;appareils \u00e9lectro-domestiques divers, mobiles ou semi-mobiles. Leur utilisation pour l&#039;alimentation des appareils de chauffage et cuisson n&#039;est possible que si les c\u00e2bles ne sont pas soumis aux rayonnements, ou en contact avec des parties chaudes.\" \/>\n<meta property=\"og:url\" content=\"https:\/\/letelec.ma\/boutique\/cable-souple-u500-sv1v-h05vv-f\/\" \/>\n<meta property=\"og:site_name\" content=\"LETELEC\" \/>\n<meta property=\"article:publisher\" content=\"https:\/\/www.facebook.com\/100063769653208\" \/>\n<meta property=\"article:modified_time\" content=\"2024-04-19T10:58:13+00:00\" \/>\n<meta property=\"og:image\" content=\"https:\/\/letelec.ma\/wp-content\/uploads\/2024\/03\/cable-souple-sv1v.png\" \/>\n\t<meta property=\"og:image:width\" content=\"600\" \/>\n\t<meta property=\"og:image:height\" content=\"600\" \/>\n\t<meta property=\"og:image:type\" content=\"image\/png\" \/>\n<meta name=\"twitter:card\" content=\"summary_large_image\" \/>\n<script type=\"application\/ld+json\" class=\"yoast-schema-graph\">{\"@context\":\"https:\/\/schema.org\",\"@graph\":[{\"@type\":\"WebPage\",\"@id\":\"https:\/\/letelec.ma\/boutique\/cable-souple-u500-sv1v-h05vv-f\/\",\"url\":\"https:\/\/letelec.ma\/boutique\/cable-souple-u500-sv1v-h05vv-f\/\",\"name\":\"CABLE SOUPLE MULTI-CONDUCTEURS U500 SV1V (H05VV-F) - LETELEC\",\"isPartOf\":{\"@id\":\"https:\/\/letelec.ma\/#website\"},\"primaryImageOfPage\":{\"@id\":\"https:\/\/letelec.ma\/boutique\/cable-souple-u500-sv1v-h05vv-f\/#primaryimage\"},\"image\":{\"@id\":\"https:\/\/letelec.ma\/boutique\/cable-souple-u500-sv1v-h05vv-f\/#primaryimage\"},\"thumbnailUrl\":\"https:\/\/letelec.ma\/wp-content\/uploads\/2024\/03\/cable-souple-sv1v.png\",\"datePublished\":\"2024-03-19T09:19:07+00:00\",\"dateModified\":\"2024-04-19T10:58:13+00:00\",\"breadcrumb\":{\"@id\":\"https:\/\/letelec.ma\/boutique\/cable-souple-u500-sv1v-h05vv-f\/#breadcrumb\"},\"inLanguage\":\"fr-FR\",\"potentialAction\":[{\"@type\":\"ReadAction\",\"target\":[\"https:\/\/letelec.ma\/boutique\/cable-souple-u500-sv1v-h05vv-f\/\"]}]},{\"@type\":\"ImageObject\",\"inLanguage\":\"fr-FR\",\"@id\":\"https:\/\/letelec.ma\/boutique\/cable-souple-u500-sv1v-h05vv-f\/#primaryimage\",\"url\":\"https:\/\/letelec.ma\/wp-content\/uploads\/2024\/03\/cable-souple-sv1v.png\",\"contentUrl\":\"https:\/\/letelec.ma\/wp-content\/uploads\/2024\/03\/cable-souple-sv1v.png\",\"width\":600,\"height\":600},{\"@type\":\"BreadcrumbList\",\"@id\":\"https:\/\/letelec.ma\/boutique\/cable-souple-u500-sv1v-h05vv-f\/#breadcrumb\",\"itemListElement\":[{\"@type\":\"ListItem\",\"position\":1,\"name\":\"Accueil\",\"item\":\"https:\/\/letelec.ma\/\"},{\"@type\":\"ListItem\",\"position\":2,\"name\":\"Boutique\",\"item\":\"https:\/\/letelec.ma\/boutique\/\"},{\"@type\":\"ListItem\",\"position\":3,\"name\":\"CABLE SOUPLE MULTI-CONDUCTEURS U500 SV1V (H05VV-F)\"}]},{\"@type\":\"WebSite\",\"@id\":\"https:\/\/letelec.ma\/#website\",\"url\":\"https:\/\/letelec.ma\/\",\"name\":\"LETELEC\",\"description\":\"Leader de la distribution de mat\u00e9riel \u00e9lectrique\",\"publisher\":{\"@id\":\"https:\/\/letelec.ma\/#organization\"},\"potentialAction\":[{\"@type\":\"SearchAction\",\"target\":{\"@type\":\"EntryPoint\",\"urlTemplate\":\"https:\/\/letelec.ma\/?s={search_term_string}\"},\"query-input\":{\"@type\":\"PropertyValueSpecification\",\"valueRequired\":true,\"valueName\":\"search_term_string\"}}],\"inLanguage\":\"fr-FR\"},{\"@type\":\"Organization\",\"@id\":\"https:\/\/letelec.ma\/#organization\",\"name\":\"LETELEC\",\"url\":\"https:\/\/letelec.ma\/\",\"logo\":{\"@type\":\"ImageObject\",\"inLanguage\":\"fr-FR\",\"@id\":\"https:\/\/letelec.ma\/#\/schema\/logo\/image\/\",\"url\":\"https:\/\/letelec.ma\/wp-content\/uploads\/2023\/10\/cropped-logo-png-high-Res.png\",\"contentUrl\":\"https:\/\/letelec.ma\/wp-content\/uploads\/2023\/10\/cropped-logo-png-high-Res.png\",\"width\":512,\"height\":512,\"caption\":\"LETELEC\"},\"image\":{\"@id\":\"https:\/\/letelec.ma\/#\/schema\/logo\/image\/\"},\"sameAs\":[\"https:\/\/www.facebook.com\/100063769653208\",\"https:\/\/www.instagram.com\/letelec_\/\"]}]}<\/script>\n<!-- \/ Yoast SEO plugin. -->","yoast_head_json":{"title":"CABLE SOUPLE MULTI-CONDUCTEURS U500 SV1V (H05VV-F) - LETELEC","robots":{"index":"index","follow":"follow","max-snippet":"max-snippet:-1","max-image-preview":"max-image-preview:large","max-video-preview":"max-video-preview:-1"},"canonical":"https:\/\/letelec.ma\/boutique\/cable-souple-u500-sv1v-h05vv-f\/","og_locale":"fr_FR","og_type":"article","og_title":"CABLE SOUPLE MULTI-CONDUCTEURS U500 SV1V (H05VV-F) - LETELEC","og_description":"Les c\u00e2bles U500 SV1V (H05VV-F) sont pr\u00e9vus pour l'alimentation d'appareils \u00e9lectro-domestiques divers, mobiles ou semi-mobiles. Leur utilisation pour l'alimentation des appareils de chauffage et cuisson n'est possible que si les c\u00e2bles ne sont pas soumis aux rayonnements, ou en contact avec des parties chaudes.","og_url":"https:\/\/letelec.ma\/boutique\/cable-souple-u500-sv1v-h05vv-f\/","og_site_name":"LETELEC","article_publisher":"https:\/\/www.facebook.com\/100063769653208","article_modified_time":"2024-04-19T10:58:13+00:00","og_image":[{"width":600,"height":600,"url":"https:\/\/letelec.ma\/wp-content\/uploads\/2024\/03\/cable-souple-sv1v.png","type":"image\/png"}],"twitter_card":"summary_large_image","schema":{"@context":"https:\/\/schema.org","@graph":[{"@type":"WebPage","@id":"https:\/\/letelec.ma\/boutique\/cable-souple-u500-sv1v-h05vv-f\/","url":"https:\/\/letelec.ma\/boutique\/cable-souple-u500-sv1v-h05vv-f\/","name":"CABLE SOUPLE MULTI-CONDUCTEURS U500 SV1V (H05VV-F) - LETELEC","isPartOf":{"@id":"https:\/\/letelec.ma\/#website"},"primaryImageOfPage":{"@id":"https:\/\/letelec.ma\/boutique\/cable-souple-u500-sv1v-h05vv-f\/#primaryimage"},"image":{"@id":"https:\/\/letelec.ma\/boutique\/cable-souple-u500-sv1v-h05vv-f\/#primaryimage"},"thumbnailUrl":"https:\/\/letelec.ma\/wp-content\/uploads\/2024\/03\/cable-souple-sv1v.png","datePublished":"2024-03-19T09:19:07+00:00","dateModified":"2024-04-19T10:58:13+00:00","breadcrumb":{"@id":"https:\/\/letelec.ma\/boutique\/cable-souple-u500-sv1v-h05vv-f\/#breadcrumb"},"inLanguage":"fr-FR","potentialAction":[{"@type":"ReadAction","target":["https:\/\/letelec.ma\/boutique\/cable-souple-u500-sv1v-h05vv-f\/"]}]},{"@type":"ImageObject","inLanguage":"fr-FR","@id":"https:\/\/letelec.ma\/boutique\/cable-souple-u500-sv1v-h05vv-f\/#primaryimage","url":"https:\/\/letelec.ma\/wp-content\/uploads\/2024\/03\/cable-souple-sv1v.png","contentUrl":"https:\/\/letelec.ma\/wp-content\/uploads\/2024\/03\/cable-souple-sv1v.png","width":600,"height":600},{"@type":"BreadcrumbList","@id":"https:\/\/letelec.ma\/boutique\/cable-souple-u500-sv1v-h05vv-f\/#breadcrumb","itemListElement":[{"@type":"ListItem","position":1,"name":"Accueil","item":"https:\/\/letelec.ma\/"},{"@type":"ListItem","position":2,"name":"Boutique","item":"https:\/\/letelec.ma\/boutique\/"},{"@type":"ListItem","position":3,"name":"CABLE SOUPLE MULTI-CONDUCTEURS U500 SV1V (H05VV-F)"}]},{"@type":"WebSite","@id":"https:\/\/letelec.ma\/#website","url":"https:\/\/letelec.ma\/","name":"LETELEC","description":"Leader de la distribution de mat\u00e9riel \u00e9lectrique","publisher":{"@id":"https:\/\/letelec.ma\/#organization"},"potentialAction":[{"@type":"SearchAction","target":{"@type":"EntryPoint","urlTemplate":"https:\/\/letelec.ma\/?s={search_term_string}"},"query-input":{"@type":"PropertyValueSpecification","valueRequired":true,"valueName":"search_term_string"}}],"inLanguage":"fr-FR"},{"@type":"Organization","@id":"https:\/\/letelec.ma\/#organization","name":"LETELEC","url":"https:\/\/letelec.ma\/","logo":{"@type":"ImageObject","inLanguage":"fr-FR","@id":"https:\/\/letelec.ma\/#\/schema\/logo\/image\/","url":"https:\/\/letelec.ma\/wp-content\/uploads\/2023\/10\/cropped-logo-png-high-Res.png","contentUrl":"https:\/\/letelec.ma\/wp-content\/uploads\/2023\/10\/cropped-logo-png-high-Res.png","width":512,"height":512,"caption":"LETELEC"},"image":{"@id":"https:\/\/letelec.ma\/#\/schema\/logo\/image\/"},"sameAs":["https:\/\/www.facebook.com\/100063769653208","https:\/\/www.instagram.com\/letelec_\/"]}]}},"_links":{"self":[{"href":"https:\/\/letelec.ma\/wp-json\/wp\/v2\/product\/20365","targetHints":{"allow":["GET"]}}],"collection":[{"href":"https:\/\/letelec.ma\/wp-json\/wp\/v2\/product"}],"about":[{"href":"https:\/\/letelec.ma\/wp-json\/wp\/v2\/types\/product"}],"replies":[{"embeddable":true,"href":"https:\/\/letelec.ma\/wp-json\/wp\/v2\/comments?post=20365"}],"version-history":[{"count":4,"href":"https:\/\/letelec.ma\/wp-json\/wp\/v2\/product\/20365\/revisions"}],"predecessor-version":[{"id":22208,"href":"https:\/\/letelec.ma\/wp-json\/wp\/v2\/product\/20365\/revisions\/22208"}],"wp:featuredmedia":[{"embeddable":true,"href":"https:\/\/letelec.ma\/wp-json\/wp\/v2\/media\/20366"}],"wp:attachment":[{"href":"https:\/\/letelec.ma\/wp-json\/wp\/v2\/media?parent=20365"}],"wp:term":[{"taxonomy":"product_brand","embeddable":true,"href":"https:\/\/letelec.ma\/wp-json\/wp\/v2\/product_brand?post=20365"},{"taxonomy":"product_cat","embeddable":true,"href":"https:\/\/letelec.ma\/wp-json\/wp\/v2\/product_cat?post=20365"},{"taxonomy":"product_tag","embeddable":true,"href":"https:\/\/letelec.ma\/wp-json\/wp\/v2\/product_tag?post=20365"}],"curies":[{"name":"wp","href":"https:\/\/api.w.org\/{rel}","templated":true}]}}