{"id":19319,"date":"2024-02-02T18:12:29","date_gmt":"2024-02-02T17:12:29","guid":{"rendered":"https:\/\/letelec.ma\/?post_type=product&#038;p=19319"},"modified":"2024-04-06T12:35:10","modified_gmt":"2024-04-06T11:35:10","slug":"plaque-alyans-must","status":"publish","type":"product","link":"https:\/\/letelec.ma\/boutique\/plaque-alyans-must\/","title":{"rendered":"Plaque Alyans Must"},"content":{"rendered":"<p>La s\u00e9rie de plaques Must est destin\u00e9e \u00e0 l&rsquo;habillage des m\u00e9canismes Alyans dans les locaux domestiques et tertiaires. Disponible en plusieurs finitions et mat\u00e9riaux pour faire de l&rsquo;appareillage \u00e9lectrique un \u00e9l\u00e9ment d\u00e9coratif adapt\u00e9 \u00e0 toutes les ambiances.<\/p>\n","protected":false},"excerpt":{"rendered":"<p>La s\u00e9rie de plaques Must est destin\u00e9e \u00e0 l&rsquo;habillage des m\u00e9canismes Alyans dans les locaux domestiques et tertiaires. Disponible en<\/p>\n","protected":false},"featured_media":19886,"comment_status":"open","ping_status":"closed","template":"","meta":[],"product_brand":[],"product_cat":[404,442],"product_tag":[],"class_list":{"0":"post-19319","1":"product","2":"type-product","3":"status-publish","4":"has-post-thumbnail","6":"product_cat-tous-les-produits","7":"product_cat-plaquessupports","9":"first","10":"instock","11":"shipping-taxable","12":"purchasable","13":"product-type-simple"},"yoast_head":"<!-- This site is optimized with the Yoast SEO plugin v26.8 - https:\/\/yoast.com\/product\/yoast-seo-wordpress\/ -->\n<title>Plaque Alyans Must - LETELEC<\/title>\n<meta name=\"robots\" content=\"index, follow, max-snippet:-1, max-image-preview:large, max-video-preview:-1\" \/>\n<link rel=\"canonical\" href=\"https:\/\/letelec.ma\/boutique\/plaque-alyans-must\/\" \/>\n<meta property=\"og:locale\" content=\"fr_FR\" \/>\n<meta property=\"og:type\" content=\"article\" \/>\n<meta property=\"og:title\" content=\"Plaque Alyans Must - LETELEC\" \/>\n<meta property=\"og:description\" content=\"La s\u00e9rie de plaques Must est destin\u00e9e \u00e0 l&rsquo;habillage des m\u00e9canismes Alyans dans les locaux domestiques et tertiaires. Disponible en\" \/>\n<meta property=\"og:url\" content=\"https:\/\/letelec.ma\/boutique\/plaque-alyans-must\/\" \/>\n<meta property=\"og:site_name\" content=\"LETELEC\" \/>\n<meta property=\"article:publisher\" content=\"https:\/\/www.facebook.com\/100063769653208\" \/>\n<meta property=\"article:modified_time\" content=\"2024-04-06T11:35:10+00:00\" \/>\n<meta property=\"og:image\" content=\"https:\/\/letelec.ma\/wp-content\/uploads\/2024\/02\/Sans-titre-12222.png\" \/>\n\t<meta property=\"og:image:width\" content=\"600\" \/>\n\t<meta property=\"og:image:height\" content=\"600\" \/>\n\t<meta property=\"og:image:type\" content=\"image\/png\" \/>\n<meta name=\"twitter:card\" content=\"summary_large_image\" \/>\n<script type=\"application\/ld+json\" class=\"yoast-schema-graph\">{\"@context\":\"https:\/\/schema.org\",\"@graph\":[{\"@type\":\"WebPage\",\"@id\":\"https:\/\/letelec.ma\/boutique\/plaque-alyans-must\/\",\"url\":\"https:\/\/letelec.ma\/boutique\/plaque-alyans-must\/\",\"name\":\"Plaque Alyans Must - LETELEC\",\"isPartOf\":{\"@id\":\"https:\/\/letelec.ma\/#website\"},\"primaryImageOfPage\":{\"@id\":\"https:\/\/letelec.ma\/boutique\/plaque-alyans-must\/#primaryimage\"},\"image\":{\"@id\":\"https:\/\/letelec.ma\/boutique\/plaque-alyans-must\/#primaryimage\"},\"thumbnailUrl\":\"https:\/\/letelec.ma\/wp-content\/uploads\/2024\/02\/Sans-titre-12222.png\",\"datePublished\":\"2024-02-02T17:12:29+00:00\",\"dateModified\":\"2024-04-06T11:35:10+00:00\",\"breadcrumb\":{\"@id\":\"https:\/\/letelec.ma\/boutique\/plaque-alyans-must\/#breadcrumb\"},\"inLanguage\":\"fr-FR\",\"potentialAction\":[{\"@type\":\"ReadAction\",\"target\":[\"https:\/\/letelec.ma\/boutique\/plaque-alyans-must\/\"]}]},{\"@type\":\"ImageObject\",\"inLanguage\":\"fr-FR\",\"@id\":\"https:\/\/letelec.ma\/boutique\/plaque-alyans-must\/#primaryimage\",\"url\":\"https:\/\/letelec.ma\/wp-content\/uploads\/2024\/02\/Sans-titre-12222.png\",\"contentUrl\":\"https:\/\/letelec.ma\/wp-content\/uploads\/2024\/02\/Sans-titre-12222.png\",\"width\":600,\"height\":600},{\"@type\":\"BreadcrumbList\",\"@id\":\"https:\/\/letelec.ma\/boutique\/plaque-alyans-must\/#breadcrumb\",\"itemListElement\":[{\"@type\":\"ListItem\",\"position\":1,\"name\":\"Accueil\",\"item\":\"https:\/\/letelec.ma\/\"},{\"@type\":\"ListItem\",\"position\":2,\"name\":\"Boutique\",\"item\":\"https:\/\/letelec.ma\/boutique\/\"},{\"@type\":\"ListItem\",\"position\":3,\"name\":\"Plaque Alyans Must\"}]},{\"@type\":\"WebSite\",\"@id\":\"https:\/\/letelec.ma\/#website\",\"url\":\"https:\/\/letelec.ma\/\",\"name\":\"LETELEC\",\"description\":\"Leader de la distribution de mat\u00e9riel \u00e9lectrique\",\"publisher\":{\"@id\":\"https:\/\/letelec.ma\/#organization\"},\"potentialAction\":[{\"@type\":\"SearchAction\",\"target\":{\"@type\":\"EntryPoint\",\"urlTemplate\":\"https:\/\/letelec.ma\/?s={search_term_string}\"},\"query-input\":{\"@type\":\"PropertyValueSpecification\",\"valueRequired\":true,\"valueName\":\"search_term_string\"}}],\"inLanguage\":\"fr-FR\"},{\"@type\":\"Organization\",\"@id\":\"https:\/\/letelec.ma\/#organization\",\"name\":\"LETELEC\",\"url\":\"https:\/\/letelec.ma\/\",\"logo\":{\"@type\":\"ImageObject\",\"inLanguage\":\"fr-FR\",\"@id\":\"https:\/\/letelec.ma\/#\/schema\/logo\/image\/\",\"url\":\"https:\/\/letelec.ma\/wp-content\/uploads\/2023\/10\/cropped-logo-png-high-Res.png\",\"contentUrl\":\"https:\/\/letelec.ma\/wp-content\/uploads\/2023\/10\/cropped-logo-png-high-Res.png\",\"width\":512,\"height\":512,\"caption\":\"LETELEC\"},\"image\":{\"@id\":\"https:\/\/letelec.ma\/#\/schema\/logo\/image\/\"},\"sameAs\":[\"https:\/\/www.facebook.com\/100063769653208\",\"https:\/\/www.instagram.com\/letelec_\/\"]}]}<\/script>\n<!-- \/ Yoast SEO plugin. -->","yoast_head_json":{"title":"Plaque Alyans Must - LETELEC","robots":{"index":"index","follow":"follow","max-snippet":"max-snippet:-1","max-image-preview":"max-image-preview:large","max-video-preview":"max-video-preview:-1"},"canonical":"https:\/\/letelec.ma\/boutique\/plaque-alyans-must\/","og_locale":"fr_FR","og_type":"article","og_title":"Plaque Alyans Must - LETELEC","og_description":"La s\u00e9rie de plaques Must est destin\u00e9e \u00e0 l&rsquo;habillage des m\u00e9canismes Alyans dans les locaux domestiques et tertiaires. Disponible en","og_url":"https:\/\/letelec.ma\/boutique\/plaque-alyans-must\/","og_site_name":"LETELEC","article_publisher":"https:\/\/www.facebook.com\/100063769653208","article_modified_time":"2024-04-06T11:35:10+00:00","og_image":[{"width":600,"height":600,"url":"https:\/\/letelec.ma\/wp-content\/uploads\/2024\/02\/Sans-titre-12222.png","type":"image\/png"}],"twitter_card":"summary_large_image","schema":{"@context":"https:\/\/schema.org","@graph":[{"@type":"WebPage","@id":"https:\/\/letelec.ma\/boutique\/plaque-alyans-must\/","url":"https:\/\/letelec.ma\/boutique\/plaque-alyans-must\/","name":"Plaque Alyans Must - LETELEC","isPartOf":{"@id":"https:\/\/letelec.ma\/#website"},"primaryImageOfPage":{"@id":"https:\/\/letelec.ma\/boutique\/plaque-alyans-must\/#primaryimage"},"image":{"@id":"https:\/\/letelec.ma\/boutique\/plaque-alyans-must\/#primaryimage"},"thumbnailUrl":"https:\/\/letelec.ma\/wp-content\/uploads\/2024\/02\/Sans-titre-12222.png","datePublished":"2024-02-02T17:12:29+00:00","dateModified":"2024-04-06T11:35:10+00:00","breadcrumb":{"@id":"https:\/\/letelec.ma\/boutique\/plaque-alyans-must\/#breadcrumb"},"inLanguage":"fr-FR","potentialAction":[{"@type":"ReadAction","target":["https:\/\/letelec.ma\/boutique\/plaque-alyans-must\/"]}]},{"@type":"ImageObject","inLanguage":"fr-FR","@id":"https:\/\/letelec.ma\/boutique\/plaque-alyans-must\/#primaryimage","url":"https:\/\/letelec.ma\/wp-content\/uploads\/2024\/02\/Sans-titre-12222.png","contentUrl":"https:\/\/letelec.ma\/wp-content\/uploads\/2024\/02\/Sans-titre-12222.png","width":600,"height":600},{"@type":"BreadcrumbList","@id":"https:\/\/letelec.ma\/boutique\/plaque-alyans-must\/#breadcrumb","itemListElement":[{"@type":"ListItem","position":1,"name":"Accueil","item":"https:\/\/letelec.ma\/"},{"@type":"ListItem","position":2,"name":"Boutique","item":"https:\/\/letelec.ma\/boutique\/"},{"@type":"ListItem","position":3,"name":"Plaque Alyans Must"}]},{"@type":"WebSite","@id":"https:\/\/letelec.ma\/#website","url":"https:\/\/letelec.ma\/","name":"LETELEC","description":"Leader de la distribution de mat\u00e9riel \u00e9lectrique","publisher":{"@id":"https:\/\/letelec.ma\/#organization"},"potentialAction":[{"@type":"SearchAction","target":{"@type":"EntryPoint","urlTemplate":"https:\/\/letelec.ma\/?s={search_term_string}"},"query-input":{"@type":"PropertyValueSpecification","valueRequired":true,"valueName":"search_term_string"}}],"inLanguage":"fr-FR"},{"@type":"Organization","@id":"https:\/\/letelec.ma\/#organization","name":"LETELEC","url":"https:\/\/letelec.ma\/","logo":{"@type":"ImageObject","inLanguage":"fr-FR","@id":"https:\/\/letelec.ma\/#\/schema\/logo\/image\/","url":"https:\/\/letelec.ma\/wp-content\/uploads\/2023\/10\/cropped-logo-png-high-Res.png","contentUrl":"https:\/\/letelec.ma\/wp-content\/uploads\/2023\/10\/cropped-logo-png-high-Res.png","width":512,"height":512,"caption":"LETELEC"},"image":{"@id":"https:\/\/letelec.ma\/#\/schema\/logo\/image\/"},"sameAs":["https:\/\/www.facebook.com\/100063769653208","https:\/\/www.instagram.com\/letelec_\/"]}]}},"_links":{"self":[{"href":"https:\/\/letelec.ma\/wp-json\/wp\/v2\/product\/19319","targetHints":{"allow":["GET"]}}],"collection":[{"href":"https:\/\/letelec.ma\/wp-json\/wp\/v2\/product"}],"about":[{"href":"https:\/\/letelec.ma\/wp-json\/wp\/v2\/types\/product"}],"replies":[{"embeddable":true,"href":"https:\/\/letelec.ma\/wp-json\/wp\/v2\/comments?post=19319"}],"version-history":[{"count":1,"href":"https:\/\/letelec.ma\/wp-json\/wp\/v2\/product\/19319\/revisions"}],"predecessor-version":[{"id":19322,"href":"https:\/\/letelec.ma\/wp-json\/wp\/v2\/product\/19319\/revisions\/19322"}],"wp:featuredmedia":[{"embeddable":true,"href":"https:\/\/letelec.ma\/wp-json\/wp\/v2\/media\/19886"}],"wp:attachment":[{"href":"https:\/\/letelec.ma\/wp-json\/wp\/v2\/media?parent=19319"}],"wp:term":[{"taxonomy":"product_brand","embeddable":true,"href":"https:\/\/letelec.ma\/wp-json\/wp\/v2\/product_brand?post=19319"},{"taxonomy":"product_cat","embeddable":true,"href":"https:\/\/letelec.ma\/wp-json\/wp\/v2\/product_cat?post=19319"},{"taxonomy":"product_tag","embeddable":true,"href":"https:\/\/letelec.ma\/wp-json\/wp\/v2\/product_tag?post=19319"}],"curies":[{"name":"wp","href":"https:\/\/api.w.org\/{rel}","templated":true}]}}